{"id":1019,"date":"2020-12-18T13:07:56","date_gmt":"2020-12-18T13:07:56","guid":{"rendered":"http:\/\/www.nuno-marques.pt\/?page_id=1019"},"modified":"2020-12-21T18:54:17","modified_gmt":"2020-12-21T18:54:17","slug":"1019-2","status":"publish","type":"page","link":"https:\/\/www.nuno-marques.pt\/?page_id=1019","title":{"rendered":"EVENTOS"},"content":{"rendered":"\n<h3>FOTOS<\/h3>\n\n\n\n<h3><a href=\"http:\/\/www.nuno-marques.pt\/?page_id=889\">Lan\u00e7amento do livro &#8220;\u00da RUSSAN\u00c3O&#8221;- Biblioteca Municipal da Covilh\u00e3 &#8211; 19\/12\/2017<\/a><\/h3>\n\n\n\n<h3><a href=\"http:\/\/www.nuno-marques.pt\/?page_id=1075\">Lan\u00e7amento do livro &#8220;SEM CHUMBO 95&#8221; &#8211; Biblioteca Municipal da Covilh\u00e3 &#8211; 15\/03\/2015<\/a><\/h3>\n\n\n\n<h3><a href=\"http:\/\/www.nuno-marques.pt\/?page_id=1032\">Lan\u00e7amento do livro &#8220;MOMENTOS 100TIDOS&#8221; &#8211; Livraria Bertrand &#8211; Serra Shopping &#8211; 10\/12\/2011<\/a><\/h3>\n\n\n\n<p><\/p>\n\n\n\n<h3>V\u00cdDEOS<\/h3>\n\n\n\n<h3><a href=\"https:\/\/www.youtube.com\/watch?v=DPKwuJ1muA0\">Apresenta\u00e7\u00e3o do livro &#8220;PERTURBA\u00c7\u00d5ES&#8221; &#8211; C\u00e2mara Municipal da Murtosa &#8211; 15\/03\/2014<\/a> (v\u00eddeo)<\/h3>\n\n\n\n<h3><a href=\"https:\/\/www.youtube.com\/watch?v=DPKwuJ1muA0\">Apresenta\u00e7\u00e3o do livro &#8220;MOMENTOS 100TIDOS&#8221; &#8211; C\u00e2mara Municipal da Murtosa &#8211; 02\/12\/2011<\/a> (v\u00eddeo)<\/h3>\n\n\n\n<p><\/p>\n\n\n\n<h3>DESTAQUES<\/h3>\n\n\n\n<h3><a href=\"https:\/\/www.cm-murtosa.pt\/pages\/719?news_id=1184\">Livro &#8220;PERTURBA\u00c7\u00d5ES&#8221; &#8211; C.M.Murtosa<\/a><\/h3>\n\n\n\n<h3><a href=\"https:\/\/www.cm-murtosa.pt\/pages\/719?news_id=745\">Livro &#8220;SEM CHUMBO 95&#8221; &#8211; Audit\u00f3rio COMUR &#8211; Museu Municipal da Murtosa<\/a><\/h3>\n\n\n\n<p><\/p>\n\n\n\n<figure class=\"wp-block-image size-large is-resized\"><a href=\"http:\/\/www.urbi.ubi.pt\/pag\/10061\"><img loading=\"lazy\" src=\"http:\/\/www.nuno-marques.pt\/wp-content\/uploads\/2020\/12\/cid_8296B8C3BE1C494D8E076402FC485765@cmcovilha.jpg\" alt=\"\" class=\"wp-image-1120\" width=\"261\" height=\"188\" srcset=\"https:\/\/www.nuno-marques.pt\/wp-content\/uploads\/2020\/12\/cid_8296B8C3BE1C494D8E076402FC485765@cmcovilha.jpg 1024w, https:\/\/www.nuno-marques.pt\/wp-content\/uploads\/2020\/12\/cid_8296B8C3BE1C494D8E076402FC485765@cmcovilha-300x216.jpg 300w, https:\/\/www.nuno-marques.pt\/wp-content\/uploads\/2020\/12\/cid_8296B8C3BE1C494D8E076402FC485765@cmcovilha-768x553.jpg 768w\" sizes=\"(max-width: 261px) 100vw, 261px\" \/><\/a><figcaption>CAF\u00c9 LITER\u00c1RIO &#8211; C.M.COVILH\u00c3<\/figcaption><\/figure>\n","protected":false},"excerpt":{"rendered":"<p>FOTOS Lan\u00e7amento do livro &#8220;\u00da RUSSAN\u00c3O&#8221;- Biblioteca Municipal da Covilh\u00e3 &#8211; 19\/12\/2017 Lan\u00e7amento do livro &#8220;SEM CHUMBO 95&#8221; &#8211; Biblioteca Municipal da Covilh\u00e3 &#8211; 15\/03\/2015 Lan\u00e7amento do livro &#8220;MOMENTOS 100TIDOS&#8221; [&hellip;]<\/p>\n","protected":false},"author":1,"featured_media":0,"parent":0,"menu_order":0,"comment_status":"closed","ping_status":"closed","template":"","meta":[],"_links":{"self":[{"href":"https:\/\/www.nuno-marques.pt\/index.php?rest_route=\/wp\/v2\/pages\/1019"}],"collection":[{"href":"https:\/\/www.nuno-marques.pt\/index.php?rest_route=\/wp\/v2\/pages"}],"about":[{"href":"https:\/\/www.nuno-marques.pt\/index.php?rest_route=\/wp\/v2\/types\/page"}],"author":[{"embeddable":true,"href":"https:\/\/www.nuno-marques.pt\/index.php?rest_route=\/wp\/v2\/users\/1"}],"replies":[{"embeddable":true,"href":"https:\/\/www.nuno-marques.pt\/index.php?rest_route=%2Fwp%2Fv2%2Fcomments&post=1019"}],"version-history":[{"count":29,"href":"https:\/\/www.nuno-marques.pt\/index.php?rest_route=\/wp\/v2\/pages\/1019\/revisions"}],"predecessor-version":[{"id":1130,"href":"https:\/\/www.nuno-marques.pt\/index.php?rest_route=\/wp\/v2\/pages\/1019\/revisions\/1130"}],"wp:attachment":[{"href":"https:\/\/www.nuno-marques.pt\/index.php?rest_route=%2Fwp%2Fv2%2Fmedia&parent=1019"}],"curies":[{"name":"wp","href":"https:\/\/api.w.org\/{rel}","templated":true}]}}