{"id":38,"date":"2012-12-18T12:10:59","date_gmt":"2012-12-18T12:10:59","guid":{"rendered":"http:\/\/www.nuno-marques.pt\/?page_id=38"},"modified":"2020-12-18T01:06:59","modified_gmt":"2020-12-18T01:06:59","slug":"blog-2","status":"publish","type":"page","link":"https:\/\/www.nuno-marques.pt\/?page_id=38","title":{"rendered":"le7ras e tr3tas"},"content":{"rendered":"<h3 style=\"text-align: center;\"><span style=\"color: #ffffff;\"><a style=\"color: #ffffff;\" href=\"http:\/\/letrasetretas.wordpress.com\">BLOG do Autor<\/a><\/span><\/h3>\n<h5 style=\"text-align: left;\"><a href=\"http:\/\/letrasetretas.wordpress.com\" rel=\"attachment wp-att-468\"><img loading=\"lazy\" class=\"wp-image-468 alignleft\" src=\"http:\/\/www.nuno-marques.pt\/wp-content\/uploads\/2012\/12\/blog-300x96.jpg\" alt=\"\" width=\"369\" height=\"118\" srcset=\"https:\/\/www.nuno-marques.pt\/wp-content\/uploads\/2012\/12\/blog-300x96.jpg 300w, https:\/\/www.nuno-marques.pt\/wp-content\/uploads\/2012\/12\/blog.jpg 950w\" sizes=\"(max-width: 369px) 100vw, 369px\" \/><\/a><\/h5>\n<h4>Este hall de entrada, virtualmente simp\u00e1tico,\u00a0foi criado para dar espa\u00e7o \u00e0 estupidez&#8230;<\/h4>\n<h4 style=\"text-align: left;\">S\u00e3o verdadeiras est\u00f3rias aleatoriamente rocambolescas e com grandes devaneios.<\/h4>\n<h3 style=\"text-align: left;\">Neste espa\u00e7o e no devido tempo ser\u00e3o divulgadas est\u00f3rias, dependendo da criatividade e inspira\u00e7\u00e3o do autor.<\/h3>\n<h3 style=\"text-align: left;\">O que ter\u00e3o de fazer \u00e9 estarem atentos \u00e0 vossa caixa de email e a salivar de ansiedade.<\/h3>\n<h3 style=\"text-align: left;\">Espero, sinceramente, que se divirtam tanto quanto eu e partilhem comigo algumas ideias.<\/h3>\n<h3 style=\"text-align: left;\"><\/h3>\n<h3><\/h3>\n","protected":false},"excerpt":{"rendered":"<p>BLOG do Autor Este hall de entrada, virtualmente simp\u00e1tico,\u00a0foi criado para dar espa\u00e7o \u00e0 estupidez&#8230; S\u00e3o verdadeiras est\u00f3rias aleatoriamente rocambolescas e com grandes devaneios. Neste espa\u00e7o e no devido tempo [&hellip;]<\/p>\n","protected":false},"author":1,"featured_media":0,"parent":0,"menu_order":0,"comment_status":"closed","ping_status":"closed","template":"template-portfolio.php","meta":[],"_links":{"self":[{"href":"https:\/\/www.nuno-marques.pt\/index.php?rest_route=\/wp\/v2\/pages\/38"}],"collection":[{"href":"https:\/\/www.nuno-marques.pt\/index.php?rest_route=\/wp\/v2\/pages"}],"about":[{"href":"https:\/\/www.nuno-marques.pt\/index.php?rest_route=\/wp\/v2\/types\/page"}],"author":[{"embeddable":true,"href":"https:\/\/www.nuno-marques.pt\/index.php?rest_route=\/wp\/v2\/users\/1"}],"replies":[{"embeddable":true,"href":"https:\/\/www.nuno-marques.pt\/index.php?rest_route=%2Fwp%2Fv2%2Fcomments&post=38"}],"version-history":[{"count":83,"href":"https:\/\/www.nuno-marques.pt\/index.php?rest_route=\/wp\/v2\/pages\/38\/revisions"}],"predecessor-version":[{"id":1004,"href":"https:\/\/www.nuno-marques.pt\/index.php?rest_route=\/wp\/v2\/pages\/38\/revisions\/1004"}],"wp:attachment":[{"href":"https:\/\/www.nuno-marques.pt\/index.php?rest_route=%2Fwp%2Fv2%2Fmedia&parent=38"}],"curies":[{"name":"wp","href":"https:\/\/api.w.org\/{rel}","templated":true}]}}