{"id":591,"date":"2020-12-13T16:09:35","date_gmt":"2020-12-13T16:09:35","guid":{"rendered":"http:\/\/www.nuno-marques.pt\/?page_id=591"},"modified":"2021-01-09T22:29:37","modified_gmt":"2021-01-09T22:29:37","slug":"obras","status":"publish","type":"page","link":"https:\/\/www.nuno-marques.pt\/?page_id=591","title":{"rendered":"obras"},"content":{"rendered":"\n<div class=\"wp-block-columns\">\n<div class=\"wp-block-column\" style=\"flex-basis:100%\">\n<figure class=\"wp-block-gallery aligncenter columns-5 is-cropped\"><ul class=\"blocks-gallery-grid\"><li class=\"blocks-gallery-item\"><figure><a href=\"http:\/\/www.nuno-marques.pt\/wp-content\/uploads\/2020\/12\/502x-217x300.jpeg\"><img loading=\"lazy\" width=\"217\" height=\"300\" src=\"http:\/\/www.nuno-marques.pt\/wp-content\/uploads\/2020\/12\/502x-217x300.jpeg\" alt=\"\" data-id=\"523\" data-link=\"http:\/\/www.nuno-marques.pt\/?attachment_id=523\" class=\"wp-image-523\" srcset=\"https:\/\/www.nuno-marques.pt\/wp-content\/uploads\/2020\/12\/502x-217x300.jpeg 217w, https:\/\/www.nuno-marques.pt\/wp-content\/uploads\/2020\/12\/502x.jpeg 502w\" sizes=\"(max-width: 217px) 100vw, 217px\" \/><\/a><\/figure><\/li><li class=\"blocks-gallery-item\"><figure><a href=\"http:\/\/www.nuno-marques.pt\/wp-content\/uploads\/2020\/12\/Sem-Chumbo_FNL_F-190x300.jpg\"><img loading=\"lazy\" width=\"190\" height=\"300\" src=\"http:\/\/www.nuno-marques.pt\/wp-content\/uploads\/2020\/12\/Sem-Chumbo_FNL_F-190x300.jpg\" alt=\"\" data-id=\"616\" data-link=\"http:\/\/www.nuno-marques.pt\/?attachment_id=616\" class=\"wp-image-616\" srcset=\"https:\/\/www.nuno-marques.pt\/wp-content\/uploads\/2020\/12\/Sem-Chumbo_FNL_F-190x300.jpg 190w, https:\/\/www.nuno-marques.pt\/wp-content\/uploads\/2020\/12\/Sem-Chumbo_FNL_F-650x1024.jpg 650w, https:\/\/www.nuno-marques.pt\/wp-content\/uploads\/2020\/12\/Sem-Chumbo_FNL_F-768x1210.jpg 768w, https:\/\/www.nuno-marques.pt\/wp-content\/uploads\/2020\/12\/Sem-Chumbo_FNL_F-975x1536.jpg 975w, https:\/\/www.nuno-marques.pt\/wp-content\/uploads\/2020\/12\/Sem-Chumbo_FNL_F-1300x2048.jpg 1300w, https:\/\/www.nuno-marques.pt\/wp-content\/uploads\/2020\/12\/Sem-Chumbo_FNL_F-scaled.jpg 1625w\" sizes=\"(max-width: 190px) 100vw, 190px\" \/><\/a><\/figure><\/li><li class=\"blocks-gallery-item\"><figure><a href=\"http:\/\/www.nuno-marques.pt\/wp-content\/uploads\/2020\/12\/502x-3-192x300.jpeg\"><img loading=\"lazy\" width=\"192\" height=\"300\" src=\"http:\/\/www.nuno-marques.pt\/wp-content\/uploads\/2020\/12\/502x-3-192x300.jpeg\" alt=\"\" data-id=\"522\" data-link=\"http:\/\/www.nuno-marques.pt\/?attachment_id=522\" class=\"wp-image-522\" srcset=\"https:\/\/www.nuno-marques.pt\/wp-content\/uploads\/2020\/12\/502x-3-192x300.jpeg 192w, https:\/\/www.nuno-marques.pt\/wp-content\/uploads\/2020\/12\/502x-3.jpeg 502w\" sizes=\"(max-width: 192px) 100vw, 192px\" \/><\/a><\/figure><\/li><li class=\"blocks-gallery-item\"><figure><a href=\"http:\/\/www.nuno-marques.pt\/wp-content\/uploads\/2020\/12\/3EE74B13-6E1F-4AC7-8693-8F9C949B9393_1_201_a-196x300.jpeg\"><img loading=\"lazy\" width=\"196\" height=\"300\" src=\"http:\/\/www.nuno-marques.pt\/wp-content\/uploads\/2020\/12\/3EE74B13-6E1F-4AC7-8693-8F9C949B9393_1_201_a-196x300.jpeg\" alt=\"\" data-id=\"620\" data-link=\"http:\/\/www.nuno-marques.pt\/?attachment_id=620\" class=\"wp-image-620\" srcset=\"https:\/\/www.nuno-marques.pt\/wp-content\/uploads\/2020\/12\/3EE74B13-6E1F-4AC7-8693-8F9C949B9393_1_201_a-196x300.jpeg 196w, https:\/\/www.nuno-marques.pt\/wp-content\/uploads\/2020\/12\/3EE74B13-6E1F-4AC7-8693-8F9C949B9393_1_201_a-667x1024.jpeg 667w, https:\/\/www.nuno-marques.pt\/wp-content\/uploads\/2020\/12\/3EE74B13-6E1F-4AC7-8693-8F9C949B9393_1_201_a-768x1178.jpeg 768w, https:\/\/www.nuno-marques.pt\/wp-content\/uploads\/2020\/12\/3EE74B13-6E1F-4AC7-8693-8F9C949B9393_1_201_a-1001x1536.jpeg 1001w, https:\/\/www.nuno-marques.pt\/wp-content\/uploads\/2020\/12\/3EE74B13-6E1F-4AC7-8693-8F9C949B9393_1_201_a-1335x2048.jpeg 1335w, https:\/\/www.nuno-marques.pt\/wp-content\/uploads\/2020\/12\/3EE74B13-6E1F-4AC7-8693-8F9C949B9393_1_201_a-scaled.jpeg 1669w\" sizes=\"(max-width: 196px) 100vw, 196px\" \/><\/a><\/figure><\/li><li class=\"blocks-gallery-item\"><figure><a href=\"http:\/\/www.nuno-marques.pt\/wp-content\/uploads\/2020\/12\/502x-4-196x300.jpeg\"><img loading=\"lazy\" width=\"196\" height=\"300\" src=\"http:\/\/www.nuno-marques.pt\/wp-content\/uploads\/2020\/12\/502x-4-196x300.jpeg\" alt=\"\" data-id=\"611\" data-link=\"http:\/\/www.nuno-marques.pt\/?attachment_id=611\" class=\"wp-image-611\" srcset=\"https:\/\/www.nuno-marques.pt\/wp-content\/uploads\/2020\/12\/502x-4-196x300.jpeg 196w, https:\/\/www.nuno-marques.pt\/wp-content\/uploads\/2020\/12\/502x-4.jpeg 502w\" sizes=\"(max-width: 196px) 100vw, 196px\" \/><\/a><\/figure><\/li><li class=\"blocks-gallery-item\"><figure><a href=\"http:\/\/www.nuno-marques.pt\/wp-content\/uploads\/2020\/12\/contracapa-os-invisiveis-668x1024.jpg\"><img loading=\"lazy\" width=\"668\" height=\"1024\" src=\"http:\/\/www.nuno-marques.pt\/wp-content\/uploads\/2020\/12\/contracapa-os-invisiveis-668x1024.jpg\" alt=\"\" data-id=\"1134\" data-link=\"http:\/\/www.nuno-marques.pt\/?attachment_id=1134\" class=\"wp-image-1134\" srcset=\"https:\/\/www.nuno-marques.pt\/wp-content\/uploads\/2020\/12\/contracapa-os-invisiveis-668x1024.jpg 668w, https:\/\/www.nuno-marques.pt\/wp-content\/uploads\/2020\/12\/contracapa-os-invisiveis-196x300.jpg 196w, https:\/\/www.nuno-marques.pt\/wp-content\/uploads\/2020\/12\/contracapa-os-invisiveis-768x1177.jpg 768w, https:\/\/www.nuno-marques.pt\/wp-content\/uploads\/2020\/12\/contracapa-os-invisiveis.jpg 1000w\" sizes=\"(max-width: 668px) 100vw, 668px\" \/><\/a><\/figure><\/li><li class=\"blocks-gallery-item\"><figure><a href=\"http:\/\/www.nuno-marques.pt\/wp-content\/uploads\/2020\/12\/capa-os-invisiveis-1.jpg\"><img loading=\"lazy\" width=\"668\" height=\"1024\" src=\"http:\/\/www.nuno-marques.pt\/wp-content\/uploads\/2020\/12\/capa-os-invisiveis-1-668x1024.jpg\" alt=\"\" data-id=\"1136\" data-full-url=\"http:\/\/www.nuno-marques.pt\/wp-content\/uploads\/2020\/12\/capa-os-invisiveis-1.jpg\" data-link=\"http:\/\/www.nuno-marques.pt\/?attachment_id=1136\" class=\"wp-image-1136\" srcset=\"https:\/\/www.nuno-marques.pt\/wp-content\/uploads\/2020\/12\/capa-os-invisiveis-1-668x1024.jpg 668w, https:\/\/www.nuno-marques.pt\/wp-content\/uploads\/2020\/12\/capa-os-invisiveis-1-196x300.jpg 196w, https:\/\/www.nuno-marques.pt\/wp-content\/uploads\/2020\/12\/capa-os-invisiveis-1-768x1177.jpg 768w, https:\/\/www.nuno-marques.pt\/wp-content\/uploads\/2020\/12\/capa-os-invisiveis-1.jpg 1000w\" sizes=\"(max-width: 668px) 100vw, 668px\" \/><\/a><\/figure><\/li><\/ul><\/figure>\n<\/div>\n<\/div>\n\n\n\n<h2 class=\"has-text-align-center\">&#8211; 2020 &#8211;<br>OS INVIS\u00cdVEIS<\/h2>\n\n\n\n<p>Um olhar atento e inconformado sobre a realidade dos sem-abrigo fez nascer uma obra onde a voz po\u00e9tica de Nuno Marques e a fotografia de Carlos Pimentel se cruzam para apresentar hist\u00f3rias de mulheres e homens que a pobreza extrema, um dia, colocou na rua. \u201cOs Invis\u00edveis\u201d \u00e9 uma mensagem inquietante que choca, atormenta, faz doer fundo na consci\u00eancia de cada um e exige n\u00e3o s\u00f3 reverter a banaliza\u00e7\u00e3o da pobreza e do abandono como compreender que ser sem-abrigo n\u00e3o \u00e9, for\u00e7osamente, um estado irrevers\u00edvel.<\/p>\n\n\n\n<h3 class=\"has-text-align-center\"><strong>&#8211; 2017 &#8211;<\/strong><br>\u00da RUSSAN\u00c3O &#8211; cr\u00f3nicas do absurdamente poss\u00edvel em alem\u00e3o,<\/h3>\n\n\n\n<p>            Isto \u00e9 s\u00e9rio!<br>            O livro que vos propomos \u00e9 a segunda parte de uma trilogia que teve em \u201cSem Chumbo 95\u201d o primeiro volume.<br>            Nesse livro, tal como neste, o narrador \u00e9 o Sr. Coelho e \u00e9 ele que \u00e9 o eixo \u00e0 volta do qual giram as vidas de mais quatro amigos: o Z\u00e9 Ant\u00f3nio, o In\u00e1cio, o Basco e a Alice.<br>            Enquanto o primeiro volume era uma esp\u00e9cie de di\u00e1rio de uma viagem e sua prepara\u00e7\u00e3o feita pelos cinco amigos, este segundo \u00e9 uma colet\u00e2nea de breves pensamentos, frases soltas, pequenos epis\u00f3dios e est\u00f3rias nas quais o Sr. Coelho participa direta ou indiretamente.<br>            Os tr\u00eas volumes vivem, tamb\u00e9m, da suposi\u00e7\u00e3o, por parte dos leitores, de se saber quem \u00e9 efetiva e realmente o Sr. Coelho; \u201cmist\u00e9rio\u201d que, naturalmente se revelar\u00e1 no terceiro.<br>            O conte\u00fado tem por fio condutor o humor, a brincadeira, a parvo\u00edce, o nonsense ou ent\u00e3o algumas conclus\u00f5es est\u00e9ticas e\/ou morais que algum leitor l\u00e1 consiga encontrar. (Porque, dependendo da leitura, de certa maneira tamb\u00e9m l\u00e1 est\u00e3o).<\/p>\n\n\n\n<p><\/p>\n\n\n\n<h3 class=\"has-text-align-center\"><strong>&#8211; 2015 &#8211;<br><\/strong>SEM CHUMBO 95 &#8211; fostendes v\u00f3s que o mat\u00e1rendes?<\/h3>\n\n\n\n<div class=\"wp-block-columns\">\n<div class=\"wp-block-column\" style=\"flex-basis:100%\">\n<p>Um apartamento, um pr\u00e9dio, uma cidade. Uma viagem.<br>Este \u00e9 o cen\u00e1rio.<br>E um ser vivo. E quatro amigos, que tal como n\u00f3s\/v\u00f3s, vivem e se relacionam.<br>Estas s\u00e3o as personagens.<br>E este livro \u00e9 parte dessa vida e dessa rela\u00e7\u00e3o\u2026<br>&#8211; Oh Sr. Coelho, vai l\u00e1 fora ver se est\u00e1 a chover e se ouvires a burra do nosso vizinho dar coices na parede, foge antes que o g\u00e1s se acabe.<br>Ah! E fixem este nome: Sr. Coelho.<\/p>\n<\/div>\n<\/div>\n\n\n\n<h3 class=\"has-text-align-center\"><strong>&#8211; 2014 &#8211;<\/strong> <br>PERTURBA\u00c7\u00d5ES <em>(poesia)<\/em><\/h3>\n\n\n\n<p><em>Perturba\u00e7\u00f5es<\/em>&nbsp;\u00e9 um livro de profundas oscila\u00e7\u00f5es entre o que tomamos como certo e a incerteza, entre a lucidez e a confus\u00e3o profunda; o sossego e a inquieta\u00e7\u00e3o dos pensamentos. Entre a paix\u00e3o e a loucura de um amor.&#8221;A tua aus\u00eancia \u00e9 grito fulminante<br>e asa de gaivota ferida.<br>\u00c9 pico de roseira,\u2026&#8221;<\/p>\n\n\n\n<p>Capaz de impor a desordem intelectual, o autor envolve-nos de tal forma na sua obra, que parecemos perder a serenidade de esp\u00edrito; mas sem nunca deixarmos de pensar nas nossas pr\u00f3prias vidas.<\/p>\n\n\n\n<p>&#8220;\u2026 com as m\u00e3os cobertas de sofrimento,<br>pedi mais um dia de vida<br>e procurei-te por toda a parte.&#8221;<\/p>\n\n\n\n<p>Um desafio ao limite das nossas perturba\u00e7\u00f5es e, principalmente, uma &#8220;declara\u00e7\u00e3o de guerra&#8221; aos receios e ang\u00fastias que poucas vezes enfrentamos.<\/p>\n\n\n\n<p class=\"has-text-align-left\">&#8220;Ainda ontem tive medo e senti-o\u2026<br>Ainda ontem era o meu futuro,<br>que me escapou\u2026&#8221;<\/p>\n\n\n\n<p><\/p>\n\n\n\n<div class=\"wp-block-group\"><div class=\"wp-block-group__inner-container\">\n<div class=\"wp-block-columns\">\n<div class=\"wp-block-column\" style=\"flex-basis:100%\">\n<h3 class=\"has-text-align-center\"><strong>&#8211; 2013 &#8211;<\/strong><br>COLET\u00c2NEA DE POESIA<\/h3>\n\n\n\n<p>Esta colet\u00e2nea de poesia re\u00fane um conjunto de poemas de sete autores escolhidos pela Editora, que aproveitam esta oportunidade para dar a conhecer o melhor da sua poesia. Embora tenham estilos e tem\u00e1ticas muito distintos, partilham o mesmo&nbsp;\u00edmpeto: usam as palavras, no geral, e a poesia, em particular, como forma de express\u00e3o, de desabafo, de libera\u00e7\u00e3o da dor.<\/p>\n<\/div>\n<\/div>\n<\/div><\/div>\n\n\n\n<h3 class=\"has-text-align-center\"><strong>&#8211; 2011 &#8211;<\/strong><br>MOMENTOS 100TIDOS <em>(poesia)<\/em><br><br><em>(com pref\u00e1cio de Pedro Chagas Freitas)<\/em><\/h3>\n\n\n\n<p><br><strong>Quando o que n\u00e3o h\u00e1 \u00e9 a prova do que h\u00e1 &nbsp; &nbsp; &nbsp; &nbsp; &nbsp; &nbsp; &nbsp; &nbsp; &nbsp; &nbsp; &nbsp; &nbsp; &nbsp; &nbsp; &nbsp; &nbsp; &nbsp; &nbsp; &nbsp; &nbsp; &nbsp; &nbsp; &nbsp; &nbsp; &nbsp; &nbsp; &nbsp; &nbsp; &nbsp; &nbsp; &nbsp; &nbsp; &nbsp; &nbsp; &nbsp; &nbsp; &nbsp; &nbsp; &nbsp; &nbsp; &nbsp; &nbsp; &nbsp; &nbsp; &nbsp; &nbsp; &nbsp; &nbsp; &nbsp; &nbsp; &nbsp; &nbsp; &nbsp; &nbsp;<\/strong><\/p>\n\n\n\n<p>H\u00e1 o som da alma a percorrer este livro.<\/p>\n\n\n\n<p>H\u00e1 a cor do sorriso, das l\u00e1grimas, dos encantos e desencantos, das mulheres e dos homens que sentem e s\u00e3o gente, que sofrem e s\u00e3o gente.<\/p>\n\n\n\n<p>H\u00e1, neste livro, gente.<\/p>\n\n\n\n<p>H\u00e1, neste livro, vida. Vida de verdade. E, mais ainda, vida em estado puro.<\/p>\n\n\n\n<p>Em arte, \u00e9 a vida que se escreve ou pinta ou desenha ou ouve. Em arte, tudo o que interessa \u00e9 chegar l\u00e1 \u2013 a quem l\u00ea, v\u00ea ou ouve.<\/p>\n\n\n\n<p>Esta \u00e9 uma obra que, inequivocamente, chega l\u00e1: que faz olhar e reparar, que faz sentir e voltar a sentir. Pode ter, e tem, alguns tra\u00e7os de imperfei\u00e7\u00e3o, alguns momentos de insufici\u00eancia.<\/p>\n\n\n\n<p>Tem.<\/p>\n\n\n\n<p>Tem isso tudo: \u00e9 isso tudo. Mas \u00e9, tamb\u00e9m isso, a prova de que chega l\u00e1: ao leitor.<\/p>\n\n\n\n<p>Porque a vida e as gentes e o viver n\u00e3o s\u00e3o mais do que os espa\u00e7os do que \u00e9 mais os espa\u00e7os do que n\u00e3o \u00e9; a vida \u00e9 imperfei\u00e7\u00e3o e insufici\u00eancia. E \u00e9 isso, s\u00f3 isso, que a torna perfeita e suficiente. Perfeitamente suficiente.<\/p>\n\n\n\n<p class=\"has-text-align-left\">A vida basta-nos para estar vivo. E chegar l\u00e1 chega para estar aqui, com toda a alma, a prefaciar esta obra com alma dentro. Fa\u00e7a o mesmo. E delicie-se.<\/p>\n\n\n\n<p class=\"has-text-align-left\"><strong>(Pedro Chagas Freitas)<\/strong><\/p>\n\n\n\n<p><\/p>\n\n\n\n<h3><a href=\"http:\/\/asleiturasdocorvo.blogspot.com\/2011\/12\/momentos-100tidos-nuno-marques.html\"><strong>Refer\u00eancia ao livro<\/strong><\/a><\/h3>\n\n\n\n<p><\/p>\n\n\n\n<p><\/p>\n\n\n\n<p><\/p>\n\n\n\n<p><\/p>\n\n\n\n<p><\/p>\n\n\n\n<p><\/p>\n\n\n\n<p><\/p>\n","protected":false},"excerpt":{"rendered":"<p>&#8211; 2020 &#8211;OS INVIS\u00cdVEIS Um olhar atento e inconformado sobre a realidade dos sem-abrigo fez nascer uma obra onde a voz po\u00e9tica de Nuno Marques e a fotografia de Carlos [&hellip;]<\/p>\n","protected":false},"author":1,"featured_media":0,"parent":0,"menu_order":0,"comment_status":"closed","ping_status":"closed","template":"template-portfolio.php","meta":[],"_links":{"self":[{"href":"https:\/\/www.nuno-marques.pt\/index.php?rest_route=\/wp\/v2\/pages\/591"}],"collection":[{"href":"https:\/\/www.nuno-marques.pt\/index.php?rest_route=\/wp\/v2\/pages"}],"about":[{"href":"https:\/\/www.nuno-marques.pt\/index.php?rest_route=\/wp\/v2\/types\/page"}],"author":[{"embeddable":true,"href":"https:\/\/www.nuno-marques.pt\/index.php?rest_route=\/wp\/v2\/users\/1"}],"replies":[{"embeddable":true,"href":"https:\/\/www.nuno-marques.pt\/index.php?rest_route=%2Fwp%2Fv2%2Fcomments&post=591"}],"version-history":[{"count":80,"href":"https:\/\/www.nuno-marques.pt\/index.php?rest_route=\/wp\/v2\/pages\/591\/revisions"}],"predecessor-version":[{"id":1143,"href":"https:\/\/www.nuno-marques.pt\/index.php?rest_route=\/wp\/v2\/pages\/591\/revisions\/1143"}],"wp:attachment":[{"href":"https:\/\/www.nuno-marques.pt\/index.php?rest_route=%2Fwp%2Fv2%2Fmedia&parent=591"}],"curies":[{"name":"wp","href":"https:\/\/api.w.org\/{rel}","templated":true}]}}